{"id":15,"date":"2014-09-20T09:50:57","date_gmt":"2014-09-20T08:50:57","guid":{"rendered":"http:\/\/www.kunovjan.cz\/?page_id=15"},"modified":"2022-08-21T13:32:01","modified_gmt":"2022-08-21T12:32:01","slug":"verejna-vystoupeni","status":"publish","type":"page","link":"https:\/\/www.kunovjan.cz\/?page_id=15","title":{"rendered":"Ve\u0159ejn\u00e1 vystoupen\u00ed"},"content":{"rendered":"<h2>SEZNAM AKC\u00cd<\/h2>\n<h6><a href=\"http:\/\/www.kunovjan.cz\/?page_id=1277\" target=\"_blank\" rel=\"noopener noreferrer\"> V\u0161echny akce<\/a><\/h6>\n<div class=\"gce-cell.start-date\"><div class=\"simcal-calendar simcal-default-calendar simcal-default-calendar-list simcal-default-calendar-light\" data-calendar-id=\"3743\" data-timezone=\"Europe\/Paris\" data-offset=\"7200\" data-week-start=\"1\" data-calendar-start=\"1777672800\" data-calendar-end=\"1789210800\" data-events-first=\"1789201800\" data-events-last=\"1789210800\"><div class=\"simcal-calendar-list simcal-calendar-list-compact\"><div class=\"simcal-events-list-container\" data-prev=\"1789201800\" data-next=\"1789210800\" data-heading-small=\"12. 09. 2026\" data-heading-large=\"12. 09. 2026\"><div class=\"simcal-weekday-6 simcal-past simcal-day simcal-day-has-events simcal-day-has-1-events simcal-events-calendar-589\" data-events-count=\"1\">\n\t<ul class=\"simcal-events\">\n\t<li class=\"simcal-event simcal-events-calendar-589\" style=\"\" itemscope itemtype=\"http:\/\/schema.org\/Event\" data-start=\"1789201800\">\n\t\t<div class=\"simcal-event-details\"><div class=\"gce-cell start-date\"><span style=\"color: #000080\"><span style=\"font-size: 10pt\"><span class=\"simcal-event-start simcal-event-start-date\" data-event-start=\"1789201800\" data-event-format=\"d. m. Y\" itemprop=\"startDate\" content=\"2026-09-12T10:30:00+02:00\">12. 09. 2026<\/span><\/span><span style=\"color: #000080\"><\/span><\/span><\/div>\r\n<div class=\"gce-cell event-title\"> <a href=\"https:\/\/www.google.com\/calendar\/event?eid=Xzg5Mmo2Y3EyOGwyazRiOW42NHFqYWI5azhjc2plYjlvNnQxMzBiOW84OG9rMmc5bTZzcmpnZTIzNjQgbWlkaTM3OTc1YWZiNGRzNGhrNjdmamdkdDRAZw&#038;ctz=Europe\/Paris\" target=\"_blank\" ><span style=\"color: #000080\"><span style=\"font-size: 10pt\"><span class=\"simcal-event-title\" itemprop=\"name\">Slavnosti v\u00edna v Uh. Hradi\u0161ti - Kolejn\u00ed n\u00e1m\u011bst\u00ed<\/span><\/span><\/a><span style=\"font-size: 10pt\"><\/span><span style=\"font-size: 10pt\"><\/span><\/span><\/div><\/div>\n\t<\/li>\n<\/ul>\n\n<\/div>\n<\/div><div class=\"simcal-ajax-loader simcal-spinner-top\" style=\"display: none;\"><i class=\"simcal-icon-spinner simcal-icon-spin\"><\/i><\/div><\/div><\/div><\/div>\n<div><\/div>\n","protected":false},"excerpt":{"rendered":"<h2>SEZNAM AKC\u00cd<\/h2>\n<h6><a href=\"http:\/\/www.kunovjan.cz\/?page_id=1277\" target=\"_blank\" rel=\"noopener noreferrer\"> V\u0161echny akce<\/a><\/h6>\n","protected":false},"author":1,"featured_media":0,"parent":0,"menu_order":70,"comment_status":"closed","ping_status":"closed","template":"","meta":{"_monsterinsights_skip_tracking":false,"_monsterinsights_sitenote_active":false,"_monsterinsights_sitenote_note":"","_monsterinsights_sitenote_category":0,"_uf_show_specific_survey":0,"_uf_disable_surveys":false,"footnotes":""},"class_list":["post-15","page","type-page","status-publish","hentry"],"publishpress_future_action":{"enabled":false,"date":"2026-05-09 14:07:39","action":"change-status","newStatus":"draft","terms":[],"taxonomy":"","extraData":[]},"publishpress_future_workflow_manual_trigger":{"enabledWorkflows":[]},"_links":{"self":[{"href":"https:\/\/www.kunovjan.cz\/index.php?rest_route=\/wp\/v2\/pages\/15","targetHints":{"allow":["GET"]}}],"collection":[{"href":"https:\/\/www.kunovjan.cz\/index.php?rest_route=\/wp\/v2\/pages"}],"about":[{"href":"https:\/\/www.kunovjan.cz\/index.php?rest_route=\/wp\/v2\/types\/page"}],"author":[{"embeddable":true,"href":"https:\/\/www.kunovjan.cz\/index.php?rest_route=\/wp\/v2\/users\/1"}],"replies":[{"embeddable":true,"href":"https:\/\/www.kunovjan.cz\/index.php?rest_route=%2Fwp%2Fv2%2Fcomments&post=15"}],"version-history":[{"count":109,"href":"https:\/\/www.kunovjan.cz\/index.php?rest_route=\/wp\/v2\/pages\/15\/revisions"}],"predecessor-version":[{"id":4155,"href":"https:\/\/www.kunovjan.cz\/index.php?rest_route=\/wp\/v2\/pages\/15\/revisions\/4155"}],"wp:attachment":[{"href":"https:\/\/www.kunovjan.cz\/index.php?rest_route=%2Fwp%2Fv2%2Fmedia&parent=15"}],"curies":[{"name":"wp","href":"https:\/\/api.w.org\/{rel}","templated":true}]}}